{"id":7229,"date":"2025-02-18T14:31:49","date_gmt":"2025-02-18T11:31:49","guid":{"rendered":"https:\/\/kadg.lt\/?page_id=7229"},"modified":"2025-02-18T14:41:40","modified_gmt":"2025-02-18T11:41:40","slug":"dienynu-sudarymo-elektroninio-dienyno-duomenu-pagrindu-tvarkos-aprasas","status":"publish","type":"page","link":"https:\/\/kadg.lt\/index.php\/dienynu-sudarymo-elektroninio-dienyno-duomenu-pagrindu-tvarkos-aprasas\/","title":{"rendered":"Dienyn\u0173 sudarymo elektroninio dienyno duomen\u0173 pagrindu tvarkos apra\u0161as"},"content":{"rendered":"\t\t<div data-elementor-type=\"wp-page\" data-elementor-id=\"7229\" class=\"elementor elementor-7229\">\n\t\t\t\t\t\t<section class=\"elementor-section elementor-top-section elementor-element elementor-element-b47b7c2 elementor-section-boxed elementor-section-height-default elementor-section-height-default\" data-id=\"b47b7c2\" data-element_type=\"section\">\r\n\t\t\r\n\t\t\t\t\t\t\t<div class=\"elementor-container elementor-column-gap-default\">\r\n\t\t\t\t\t\t\t\t\t\t\t<div class=\"elementor-column elementor-col-100 elementor-top-column elementor-element elementor-element-d497816\" data-id=\"d497816\" data-element_type=\"column\">\r\n\t\t\t\t\t<div class=\"elementor-widget-wrap elementor-element-populated\">\r\n\t\t\t\t\t\t\t\t<div class=\"elementor-element elementor-element-9fd9553 elementor-widget elementor-widget-text-editor\" data-id=\"9fd9553\" data-element_type=\"widget\" data-widget_type=\"text-editor.default\">\n\t\t\t\t<div class=\"elementor-widget-container\">\n\t\t\t\t\t\t\t\t\t<p><a href=\"https:\/\/kadg.lt\/wp-content\/uploads\/2025\/02\/Dienynu-sudarymo-elektroninio-dienyno-duomenu-pagrindu-tvarkos-aprasas.pdf\"><span style=\"font-size: 18px;\">Dienyn\u0173 sudarymo elektroninio dienyno duomen\u0173 pagrindu tvarkos apra\u0161as<\/span><\/a><\/p>\t\t\t\t\t\t\t\t<\/div>\n\t\t\t\t<\/div>\n\t\t\t\t\t<\/div>\r\n\t\t\t\t<\/div>\r\n\t\t\t\t\t<\/div>\r\n\t\t\t\t<\/section>\r\n\t\t\t\t<\/div>\n\t\t","protected":false},"excerpt":{"rendered":"<p>Dienyn\u0173 sudarymo elektroninio dienyno duomen\u0173 pagrindu tvarkos apra\u0161as<\/p>\n","protected":false},"author":2,"featured_media":0,"parent":0,"menu_order":0,"comment_status":"closed","ping_status":"closed","template":"","meta":{"footnotes":""},"class_list":["post-7229","page","type-page","status-publish","hentry"],"_links":{"self":[{"href":"https:\/\/kadg.lt\/index.php\/wp-json\/wp\/v2\/pages\/7229","targetHints":{"allow":["GET"]}}],"collection":[{"href":"https:\/\/kadg.lt\/index.php\/wp-json\/wp\/v2\/pages"}],"about":[{"href":"https:\/\/kadg.lt\/index.php\/wp-json\/wp\/v2\/types\/page"}],"author":[{"embeddable":true,"href":"https:\/\/kadg.lt\/index.php\/wp-json\/wp\/v2\/users\/2"}],"replies":[{"embeddable":true,"href":"https:\/\/kadg.lt\/index.php\/wp-json\/wp\/v2\/comments?post=7229"}],"version-history":[{"count":4,"href":"https:\/\/kadg.lt\/index.php\/wp-json\/wp\/v2\/pages\/7229\/revisions"}],"predecessor-version":[{"id":7235,"href":"https:\/\/kadg.lt\/index.php\/wp-json\/wp\/v2\/pages\/7229\/revisions\/7235"}],"wp:attachment":[{"href":"https:\/\/kadg.lt\/index.php\/wp-json\/wp\/v2\/media?parent=7229"}],"curies":[{"name":"wp","href":"https:\/\/api.w.org\/{rel}","templated":true}]}}