{"id":7292,"date":"2025-03-03T11:05:36","date_gmt":"2025-03-03T08:05:36","guid":{"rendered":"https:\/\/kadg.lt\/?page_id=7292"},"modified":"2025-12-29T11:06:05","modified_gmt":"2025-12-29T08:06:05","slug":"2025-m-viesuju-pirkimu-planai","status":"publish","type":"page","link":"https:\/\/kadg.lt\/index.php\/2025-m-viesuju-pirkimu-planai\/","title":{"rendered":"2025 m. Vie\u0161\u0173j\u0173 pirkim\u0173 planai"},"content":{"rendered":"\t\t<div data-elementor-type=\"wp-page\" data-elementor-id=\"7292\" class=\"elementor elementor-7292\">\n\t\t\t\t\t\t<section class=\"elementor-section elementor-top-section elementor-element elementor-element-03b567c elementor-section-boxed elementor-section-height-default elementor-section-height-default\" data-id=\"03b567c\" data-element_type=\"section\">\r\n\t\t\r\n\t\t\t\t\t\t\t<div class=\"elementor-container elementor-column-gap-default\">\r\n\t\t\t\t\t\t\t\t\t\t\t<div class=\"elementor-column elementor-col-100 elementor-top-column elementor-element elementor-element-20ee456\" data-id=\"20ee456\" data-element_type=\"column\">\r\n\t\t\t\t\t<div class=\"elementor-widget-wrap elementor-element-populated\">\r\n\t\t\t\t\t\t\t\t<div class=\"elementor-element elementor-element-4b1ad53 elementor-widget elementor-widget-text-editor\" data-id=\"4b1ad53\" data-element_type=\"widget\" data-widget_type=\"text-editor.default\">\n\t\t\t\t<div class=\"elementor-widget-container\">\n\t\t\t\t\t\t\t\t\t<p><a href=\"https:\/\/kadg.lt\/wp-content\/uploads\/2025\/03\/2025-m.-Viesuju-pirkimu-planas-Nr.-1.pdf\">2025 m. Vie\u0161\u0173j\u0173 pirkim\u0173 planas Nr. 1<\/a><\/p><p><a href=\"https:\/\/kadg.lt\/wp-content\/uploads\/2025\/05\/2025-m.-Viesuju-pirkimu-planas-Nr.-2.pdf\">2025 m. Vie\u0161\u0173j\u0173 pirkim\u0173 planas Nr. 2<\/a><\/p><p><a href=\"https:\/\/kadg.lt\/wp-content\/uploads\/2025\/06\/2025-m.-Viesuju-pirkimu-planas-Nr.-3.pdf\">2025 m. Vie\u0161\u0173j\u0173 pirkim\u0173 planas Nr. 3<\/a><\/p><p><a href=\"https:\/\/kadg.lt\/wp-content\/uploads\/2025\/10\/2025-m.-Viesuju-pirkimu-planas-Nr.-4.pdf\">2025 m. Vie\u0161\u0173j\u0173 pirkim\u0173 planas Nr. 4<\/a><\/p><p><a href=\"https:\/\/kadg.lt\/wp-content\/uploads\/2025\/11\/2025-m.-Viesuju-pirkimu-planas-Nr.-5.pdf\">2025 m. Vie\u0161\u0173j\u0173 pirkim\u0173 planas Nr. 5<\/a><\/p><p><a href=\"https:\/\/kadg.lt\/wp-content\/uploads\/2025\/12\/2025-m.-Viesuju-pirkimu-planas-Nr.-6.pdf\">2025 m. Vie\u0161\u0173j\u0173 pirkim\u0173 planas Nr. 6<\/a><\/p>\t\t\t\t\t\t\t\t<\/div>\n\t\t\t\t<\/div>\n\t\t\t\t\t<\/div>\r\n\t\t\t\t<\/div>\r\n\t\t\t\t\t<\/div>\r\n\t\t\t\t<\/section>\r\n\t\t\t\t<\/div>\n\t\t","protected":false},"excerpt":{"rendered":"<p>2025 m. Vie\u0161\u0173j\u0173 pirkim\u0173 planas Nr. 1 2025 m. Vie\u0161\u0173j\u0173 pirkim\u0173 planas Nr. 2 2025 m. Vie\u0161\u0173j\u0173 pirkim\u0173 planas Nr. 3 2025 m. Vie\u0161\u0173j\u0173 pirkim\u0173 planas Nr. 4 2025 m. Vie\u0161\u0173j\u0173 pirkim\u0173 planas Nr. 5 2025 m. Vie\u0161\u0173j\u0173 pirkim\u0173 planas Nr. 6<\/p>\n","protected":false},"author":2,"featured_media":0,"parent":0,"menu_order":0,"comment_status":"closed","ping_status":"closed","template":"","meta":{"footnotes":""},"class_list":["post-7292","page","type-page","status-publish","hentry"],"_links":{"self":[{"href":"https:\/\/kadg.lt\/index.php\/wp-json\/wp\/v2\/pages\/7292","targetHints":{"allow":["GET"]}}],"collection":[{"href":"https:\/\/kadg.lt\/index.php\/wp-json\/wp\/v2\/pages"}],"about":[{"href":"https:\/\/kadg.lt\/index.php\/wp-json\/wp\/v2\/types\/page"}],"author":[{"embeddable":true,"href":"https:\/\/kadg.lt\/index.php\/wp-json\/wp\/v2\/users\/2"}],"replies":[{"embeddable":true,"href":"https:\/\/kadg.lt\/index.php\/wp-json\/wp\/v2\/comments?post=7292"}],"version-history":[{"count":19,"href":"https:\/\/kadg.lt\/index.php\/wp-json\/wp\/v2\/pages\/7292\/revisions"}],"predecessor-version":[{"id":8018,"href":"https:\/\/kadg.lt\/index.php\/wp-json\/wp\/v2\/pages\/7292\/revisions\/8018"}],"wp:attachment":[{"href":"https:\/\/kadg.lt\/index.php\/wp-json\/wp\/v2\/media?parent=7292"}],"curies":[{"name":"wp","href":"https:\/\/api.w.org\/{rel}","templated":true}]}}