{"id":7299,"date":"2025-03-03T11:27:52","date_gmt":"2025-03-03T08:27:52","guid":{"rendered":"https:\/\/kadg.lt\/?page_id=7299"},"modified":"2026-01-13T14:30:00","modified_gmt":"2026-01-13T11:30:00","slug":"biblioteka","status":"publish","type":"page","link":"https:\/\/kadg.lt\/index.php\/biblioteka\/","title":{"rendered":"Biblioteka"},"content":{"rendered":"\t\t<div data-elementor-type=\"wp-page\" data-elementor-id=\"7299\" class=\"elementor elementor-7299\">\n\t\t\t\t\t\t<section class=\"elementor-section elementor-top-section elementor-element elementor-element-3ded3f4 elementor-section-boxed elementor-section-height-default elementor-section-height-default\" data-id=\"3ded3f4\" data-element_type=\"section\">\r\n\t\t\r\n\t\t\t\t\t\t\t<div class=\"elementor-container elementor-column-gap-default\">\r\n\t\t\t\t\t\t\t\t\t\t\t<div class=\"elementor-column elementor-col-100 elementor-top-column elementor-element elementor-element-39e3f4d\" data-id=\"39e3f4d\" data-element_type=\"column\">\r\n\t\t\t\t\t<div class=\"elementor-widget-wrap elementor-element-populated\">\r\n\t\t\t\t\t\t\t\t<div class=\"elementor-element elementor-element-1cee2b2 elementor-widget elementor-widget-text-editor\" data-id=\"1cee2b2\" data-element_type=\"widget\" data-widget_type=\"text-editor.default\">\n\t\t\t\t<div class=\"elementor-widget-container\">\n\t\t\t\t\t\t\t\t\t<p><a href=\"https:\/\/kadg.lt\/wp-content\/uploads\/2025\/12\/Projektas-Galimybiu-mokykla.pdf\"><span style=\"font-size: 18px;\">Projektas Galimybi\u0173 mokykla<\/span><\/a><\/p><p><a href=\"https:\/\/kadg.lt\/wp-content\/uploads\/2025\/03\/Vadoveliu-isigyjimas-igyvendinant-2014-2020-metu-Europos-sajungos-fondu-investiciju-projekta.pdf\"><span style=\"font-size: 18px;\">Vadov\u0117li\u0173 \u012fsigyjimas \u012fgyvendinant 2014-2020 met\u0173 Europos s\u0105jungos fond\u0173 investicij\u0173 projekt\u0105<\/span><\/a><\/p><p><a href=\"https:\/\/kadg.lt\/wp-content\/uploads\/2025\/03\/Vadoveliu-isigyjimas-igyvendinant-Nacionalines-svietimo-agenturos-2024-m.-Europos-sajungos-investiciju-projekta.pdf\"><span style=\"font-size: 18px;\">Vadov\u0117li\u0173 \u012fsigyjimas \u012fgyvendinant Nacionalin\u0117s \u0161vietimo agent\u016bros 2024 m. Europos s\u0105jungos investicij\u0173 projekt\u0105<\/span><\/a><\/p><p><a href=\"https:\/\/kadg.lt\/wp-content\/uploads\/2026\/01\/Vadoveliu-isigyjimas-igyvendinant-Nacionalines-svietimo-agenturos-2025-m.-Europos-sajungos-investiciju-projekta.pdf\"><span style=\"font-size: 18px;\">Vadov\u0117li\u0173 \u012fsigyjimas \u012fgyvendinant Nacionalin\u0117s \u0161vietimo agent\u016bros 2025 m. Europos s\u0105jungos investicij\u0173 projekt\u0105<\/span><\/a><\/p>\t\t\t\t\t\t\t\t<\/div>\n\t\t\t\t<\/div>\n\t\t\t\t\t<\/div>\r\n\t\t\t\t<\/div>\r\n\t\t\t\t\t<\/div>\r\n\t\t\t\t<\/section>\r\n\t\t\t\t<\/div>\n\t\t","protected":false},"excerpt":{"rendered":"<p>Projektas Galimybi\u0173 mokykla Vadov\u0117li\u0173 \u012fsigyjimas \u012fgyvendinant 2014-2020 met\u0173 Europos s\u0105jungos fond\u0173 investicij\u0173 projekt\u0105 Vadov\u0117li\u0173 \u012fsigyjimas \u012fgyvendinant Nacionalin\u0117s \u0161vietimo agent\u016bros 2024 m. Europos s\u0105jungos investicij\u0173 projekt\u0105 Vadov\u0117li\u0173 \u012fsigyjimas \u012fgyvendinant Nacionalin\u0117s \u0161vietimo agent\u016bros 2025 m. Europos s\u0105jungos investicij\u0173 projekt\u0105<\/p>\n","protected":false},"author":2,"featured_media":0,"parent":0,"menu_order":0,"comment_status":"closed","ping_status":"closed","template":"","meta":{"footnotes":""},"class_list":["post-7299","page","type-page","status-publish","hentry"],"_links":{"self":[{"href":"https:\/\/kadg.lt\/index.php\/wp-json\/wp\/v2\/pages\/7299","targetHints":{"allow":["GET"]}}],"collection":[{"href":"https:\/\/kadg.lt\/index.php\/wp-json\/wp\/v2\/pages"}],"about":[{"href":"https:\/\/kadg.lt\/index.php\/wp-json\/wp\/v2\/types\/page"}],"author":[{"embeddable":true,"href":"https:\/\/kadg.lt\/index.php\/wp-json\/wp\/v2\/users\/2"}],"replies":[{"embeddable":true,"href":"https:\/\/kadg.lt\/index.php\/wp-json\/wp\/v2\/comments?post=7299"}],"version-history":[{"count":19,"href":"https:\/\/kadg.lt\/index.php\/wp-json\/wp\/v2\/pages\/7299\/revisions"}],"predecessor-version":[{"id":8046,"href":"https:\/\/kadg.lt\/index.php\/wp-json\/wp\/v2\/pages\/7299\/revisions\/8046"}],"wp:attachment":[{"href":"https:\/\/kadg.lt\/index.php\/wp-json\/wp\/v2\/media?parent=7299"}],"curies":[{"name":"wp","href":"https:\/\/api.w.org\/{rel}","templated":true}]}}