{"id":7355,"date":"2025-03-17T09:57:58","date_gmt":"2025-03-17T06:57:58","guid":{"rendered":"https:\/\/kadg.lt\/?page_id=7355"},"modified":"2025-03-20T11:42:09","modified_gmt":"2025-03-20T08:42:09","slug":"ramybe","status":"publish","type":"page","link":"https:\/\/kadg.lt\/index.php\/ramybe\/","title":{"rendered":"&#8222;Ramyb\u0117&#8221;"},"content":{"rendered":"\t\t<div data-elementor-type=\"wp-page\" data-elementor-id=\"7355\" class=\"elementor elementor-7355\">\n\t\t\t\t\t\t<section class=\"elementor-section elementor-top-section elementor-element elementor-element-c9c8523 elementor-section-boxed elementor-section-height-default elementor-section-height-default\" data-id=\"c9c8523\" data-element_type=\"section\">\r\n\t\t\r\n\t\t\t\t\t\t\t<div class=\"elementor-container elementor-column-gap-default\">\r\n\t\t\t\t\t\t\t\t\t\t\t<div class=\"elementor-column elementor-col-100 elementor-top-column elementor-element elementor-element-61ac95f\" data-id=\"61ac95f\" data-element_type=\"column\">\r\n\t\t\t\t\t<div class=\"elementor-widget-wrap elementor-element-populated\">\r\n\t\t\t\t\t\t\t\t<div class=\"elementor-element elementor-element-f3ca692 elementor-widget elementor-widget-text-editor\" data-id=\"f3ca692\" data-element_type=\"widget\" data-widget_type=\"text-editor.default\">\n\t\t\t\t<div class=\"elementor-widget-container\">\n\t\t\t\t\t\t\t\t\t<p><span style=\"font-size: 16px;\">2025 m. kovo 16 d. Kauno valstybin\u0117je filharmonijoje vyko koncertas M.K.\u010ciurlionio 150 &#8211; osioms metin\u0117ms pamin\u0117ti.<\/span><\/p><p>Kauno dail\u0117s gimnazijos ketvirtos ir penktos klas\u0117s mokini\u0173 dail\u0117s darbai sukurti meninio ugdymo projektui &#8222;Karali\u0173 pasakos&#8221;, skirtam M.K.\u010ciurlionio 150 &#8211; tiesiems jubiliejiniams gimimo metams pamin\u0117ti. \u0160iandien, rodos, ne\u012fmanoma \u012fsivaizduoti \u010ciurlionio muzikos be jo tapybos darb\u0173, lai\u0161k\u0173. Gilindamiesi \u012f M.K. \u010ciurlionio k\u016brybin\u012f palikim\u0105, meno priemoni\u0173 pagalba tobuliname jauno \u017emogaus emocin\u0119 sfer\u0105, fantazij\u0105, i\u0161radingum\u0105 ir k\u016brybi\u0161kum\u0105, kalb\u0117jim\u0105 ir m\u0105stym\u0105, estetines ir moralines nuostatas, prasm\u0117s k\u016brimo paie\u0161kas, sav\u0119s supratimo samprat\u0105, individualaus pasaulio k\u016brim\u0105.<\/p><p>Koncerto metu buvo ekponuojami \u0161i\u0173 vaik\u0173 pie\u0161iniai: Ievos Al\u0161auskait\u0117s 10 m., Gabriel\u0117s Andri\u016bnait\u0117s 10 m., Gabriel\u0117s Apinavi\u010di\u016bt\u0117s 10m., Sirpu\u010dio Barono 10 m., Adomo Butkaus 10 m., Elizos Dzindzilevi\u010di\u016bt\u0117s 11 m., Gyt\u0117s Grici\u016bt\u0117s 10 m., Ato Janavi\u010diaus 10 m., Andr\u0117jos Kalni\u016bt\u0117s 10 m., Dorot\u0117jos Lapinskait\u0117s 10 m., Kamil\u0117s Ledait\u0117s 11 m., \u0104\u017euolo Miliausko 11 m., Emil\u0117s Morozovait\u0117s 10 m., Patricijos Sovait\u0117s 10 m., Vasar\u0117s Steponavi\u010di\u016bt\u0117s 11 m., Motiejau Suchocko 10 m., Saul\u0117s Vil\u010dinskait\u0117s 10 m., Gabijos Vosyli\u016bt\u0117s 10 m., Motiejaus Samuel Vuillard 10 m., ir\u00a0 Mato \u017dyman\u010diaus 10 m.\u00a0<\/p><p>\u00a0Vaikus ruo\u0161\u0117 Kauno dail\u0117s gimnazijos dail\u0117s mokytoja ekspert\u0117 Rasa \u017dmuidien\u0117 ir dail\u0117s mokytoja metodinink\u0117 Virginija Katkevi\u010di\u016bt\u0117.<\/p>\t\t\t\t\t\t\t\t<\/div>\n\t\t\t\t<\/div>\n\t\t\t\t\t<\/div>\r\n\t\t\t\t<\/div>\r\n\t\t\t\t\t<\/div>\r\n\t\t\t\t<\/section>\r\n\t\t\t\t<section class=\"elementor-section elementor-top-section elementor-element elementor-element-3d3c990 elementor-section-boxed elementor-section-height-default elementor-section-height-default\" data-id=\"3d3c990\" data-element_type=\"section\">\r\n\t\t\r\n\t\t\t\t\t\t\t<div class=\"elementor-container elementor-column-gap-default\">\r\n\t\t\t\t\t\t\t\t\t\t\t<div class=\"elementor-column elementor-col-25 elementor-top-column elementor-element elementor-element-f4e4163\" data-id=\"f4e4163\" data-element_type=\"column\">\r\n\t\t\t\t\t<div class=\"elementor-widget-wrap elementor-element-populated\">\r\n\t\t\t\t\t\t\t\t<div class=\"elementor-element elementor-element-a78a0d1 elementor-widget elementor-widget-image\" data-id=\"a78a0d1\" data-element_type=\"widget\" data-widget_type=\"image.default\">\n\t\t\t\t<div class=\"elementor-widget-container\">\n\t\t\t\t\t\t\t\t\t\t\t\t\t\t\t<img fetchpriority=\"high\" decoding=\"async\" width=\"768\" height=\"1024\" src=\"https:\/\/kadg.lt\/wp-content\/uploads\/2025\/03\/14-768x1024.jpg\" class=\"attachment-large size-large wp-image-7365\" alt=\"\" srcset=\"https:\/\/kadg.lt\/wp-content\/uploads\/2025\/03\/14-768x1024.jpg 768w, https:\/\/kadg.lt\/wp-content\/uploads\/2025\/03\/14-640x853.jpg 640w, https:\/\/kadg.lt\/wp-content\/uploads\/2025\/03\/14-400x533.jpg 400w, https:\/\/kadg.lt\/wp-content\/uploads\/2025\/03\/14-367x489.jpg 367w, https:\/\/kadg.lt\/wp-content\/uploads\/2025\/03\/14-600x800.jpg 600w\" sizes=\"(max-width: 768px) 100vw, 768px\" \/>\t\t\t\t\t\t\t\t\t\t\t\t\t\t\t<\/div>\n\t\t\t\t<\/div>\n\t\t\t\t\t<\/div>\r\n\t\t\t\t<\/div>\r\n\t\t\t\t<div class=\"elementor-column elementor-col-25 elementor-top-column elementor-element elementor-element-2d8e43c\" data-id=\"2d8e43c\" data-element_type=\"column\">\r\n\t\t\t\t\t<div class=\"elementor-widget-wrap elementor-element-populated\">\r\n\t\t\t\t\t\t\t\t<div class=\"elementor-element elementor-element-39a1408 elementor-widget elementor-widget-image\" data-id=\"39a1408\" data-element_type=\"widget\" data-widget_type=\"image.default\">\n\t\t\t\t<div class=\"elementor-widget-container\">\n\t\t\t\t\t\t\t\t\t\t\t\t\t\t\t<img decoding=\"async\" width=\"736\" height=\"1000\" src=\"https:\/\/kadg.lt\/wp-content\/uploads\/2025\/03\/13.jpg\" class=\"attachment-large size-large wp-image-7366\" alt=\"\" srcset=\"https:\/\/kadg.lt\/wp-content\/uploads\/2025\/03\/13.jpg 736w, https:\/\/kadg.lt\/wp-content\/uploads\/2025\/03\/13-640x870.jpg 640w, https:\/\/kadg.lt\/wp-content\/uploads\/2025\/03\/13-400x543.jpg 400w, https:\/\/kadg.lt\/wp-content\/uploads\/2025\/03\/13-367x499.jpg 367w, https:\/\/kadg.lt\/wp-content\/uploads\/2025\/03\/13-600x815.jpg 600w\" sizes=\"(max-width: 736px) 100vw, 736px\" \/>\t\t\t\t\t\t\t\t\t\t\t\t\t\t\t<\/div>\n\t\t\t\t<\/div>\n\t\t\t\t\t<\/div>\r\n\t\t\t\t<\/div>\r\n\t\t\t\t<div class=\"elementor-column elementor-col-25 elementor-top-column elementor-element elementor-element-d4d274e\" data-id=\"d4d274e\" data-element_type=\"column\">\r\n\t\t\t\t\t<div class=\"elementor-widget-wrap elementor-element-populated\">\r\n\t\t\t\t\t\t\t\t<div class=\"elementor-element elementor-element-9606e22 elementor-widget elementor-widget-image\" data-id=\"9606e22\" data-element_type=\"widget\" data-widget_type=\"image.default\">\n\t\t\t\t<div class=\"elementor-widget-container\">\n\t\t\t\t\t\t\t\t\t\t\t\t\t\t\t<img decoding=\"async\" width=\"736\" height=\"1000\" src=\"https:\/\/kadg.lt\/wp-content\/uploads\/2025\/03\/1.jpg\" class=\"attachment-large size-large wp-image-7378\" alt=\"\" srcset=\"https:\/\/kadg.lt\/wp-content\/uploads\/2025\/03\/1.jpg 736w, https:\/\/kadg.lt\/wp-content\/uploads\/2025\/03\/1-640x870.jpg 640w, https:\/\/kadg.lt\/wp-content\/uploads\/2025\/03\/1-400x543.jpg 400w, https:\/\/kadg.lt\/wp-content\/uploads\/2025\/03\/1-367x499.jpg 367w, https:\/\/kadg.lt\/wp-content\/uploads\/2025\/03\/1-600x815.jpg 600w\" sizes=\"(max-width: 736px) 100vw, 736px\" \/>\t\t\t\t\t\t\t\t\t\t\t\t\t\t\t<\/div>\n\t\t\t\t<\/div>\n\t\t\t\t\t<\/div>\r\n\t\t\t\t<\/div>\r\n\t\t\t\t<div class=\"elementor-column elementor-col-25 elementor-top-column elementor-element elementor-element-861f16b\" data-id=\"861f16b\" data-element_type=\"column\">\r\n\t\t\t\t\t<div class=\"elementor-widget-wrap elementor-element-populated\">\r\n\t\t\t\t\t\t\t\t<div class=\"elementor-element elementor-element-0b8837d elementor-widget elementor-widget-image\" data-id=\"0b8837d\" data-element_type=\"widget\" data-widget_type=\"image.default\">\n\t\t\t\t<div class=\"elementor-widget-container\">\n\t\t\t\t\t\t\t\t\t\t\t\t\t\t\t<img loading=\"lazy\" decoding=\"async\" width=\"736\" height=\"1000\" src=\"https:\/\/kadg.lt\/wp-content\/uploads\/2025\/03\/2.jpg\" class=\"attachment-large size-large wp-image-7377\" alt=\"\" srcset=\"https:\/\/kadg.lt\/wp-content\/uploads\/2025\/03\/2.jpg 736w, https:\/\/kadg.lt\/wp-content\/uploads\/2025\/03\/2-640x870.jpg 640w, https:\/\/kadg.lt\/wp-content\/uploads\/2025\/03\/2-400x543.jpg 400w, https:\/\/kadg.lt\/wp-content\/uploads\/2025\/03\/2-367x499.jpg 367w, https:\/\/kadg.lt\/wp-content\/uploads\/2025\/03\/2-600x815.jpg 600w\" sizes=\"(max-width: 736px) 100vw, 736px\" \/>\t\t\t\t\t\t\t\t\t\t\t\t\t\t\t<\/div>\n\t\t\t\t<\/div>\n\t\t\t\t\t<\/div>\r\n\t\t\t\t<\/div>\r\n\t\t\t\t\t<\/div>\r\n\t\t\t\t<\/section>\r\n\t\t\t\t<section class=\"elementor-section elementor-top-section elementor-element elementor-element-8cf82a9 elementor-section-boxed elementor-section-height-default elementor-section-height-default\" data-id=\"8cf82a9\" data-element_type=\"section\">\r\n\t\t\r\n\t\t\t\t\t\t\t<div class=\"elementor-container elementor-column-gap-default\">\r\n\t\t\t\t\t\t\t\t\t\t\t<div class=\"elementor-column elementor-col-25 elementor-top-column elementor-element elementor-element-7657773\" data-id=\"7657773\" data-element_type=\"column\">\r\n\t\t\t\t\t<div class=\"elementor-widget-wrap elementor-element-populated\">\r\n\t\t\t\t\t\t\t\t<div class=\"elementor-element elementor-element-59d7c10 elementor-widget elementor-widget-image\" data-id=\"59d7c10\" data-element_type=\"widget\" data-widget_type=\"image.default\">\n\t\t\t\t<div class=\"elementor-widget-container\">\n\t\t\t\t\t\t\t\t\t\t\t\t\t\t\t<img loading=\"lazy\" decoding=\"async\" width=\"736\" height=\"1000\" src=\"https:\/\/kadg.lt\/wp-content\/uploads\/2025\/03\/3.jpg\" class=\"attachment-large size-large wp-image-7376\" alt=\"\" srcset=\"https:\/\/kadg.lt\/wp-content\/uploads\/2025\/03\/3.jpg 736w, https:\/\/kadg.lt\/wp-content\/uploads\/2025\/03\/3-640x870.jpg 640w, https:\/\/kadg.lt\/wp-content\/uploads\/2025\/03\/3-400x543.jpg 400w, https:\/\/kadg.lt\/wp-content\/uploads\/2025\/03\/3-367x499.jpg 367w, https:\/\/kadg.lt\/wp-content\/uploads\/2025\/03\/3-600x815.jpg 600w\" sizes=\"(max-width: 736px) 100vw, 736px\" \/>\t\t\t\t\t\t\t\t\t\t\t\t\t\t\t<\/div>\n\t\t\t\t<\/div>\n\t\t\t\t\t<\/div>\r\n\t\t\t\t<\/div>\r\n\t\t\t\t<div class=\"elementor-column elementor-col-25 elementor-top-column elementor-element elementor-element-3edefe7\" data-id=\"3edefe7\" data-element_type=\"column\">\r\n\t\t\t\t\t<div class=\"elementor-widget-wrap elementor-element-populated\">\r\n\t\t\t\t\t\t\t\t<div class=\"elementor-element elementor-element-b0b53f1 elementor-widget elementor-widget-image\" data-id=\"b0b53f1\" data-element_type=\"widget\" data-widget_type=\"image.default\">\n\t\t\t\t<div class=\"elementor-widget-container\">\n\t\t\t\t\t\t\t\t\t\t\t\t\t\t\t<img loading=\"lazy\" decoding=\"async\" width=\"736\" height=\"1000\" src=\"https:\/\/kadg.lt\/wp-content\/uploads\/2025\/03\/4.jpg\" class=\"attachment-large size-large wp-image-7375\" alt=\"\" srcset=\"https:\/\/kadg.lt\/wp-content\/uploads\/2025\/03\/4.jpg 736w, https:\/\/kadg.lt\/wp-content\/uploads\/2025\/03\/4-640x870.jpg 640w, https:\/\/kadg.lt\/wp-content\/uploads\/2025\/03\/4-400x543.jpg 400w, https:\/\/kadg.lt\/wp-content\/uploads\/2025\/03\/4-367x499.jpg 367w, https:\/\/kadg.lt\/wp-content\/uploads\/2025\/03\/4-600x815.jpg 600w\" sizes=\"(max-width: 736px) 100vw, 736px\" \/>\t\t\t\t\t\t\t\t\t\t\t\t\t\t\t<\/div>\n\t\t\t\t<\/div>\n\t\t\t\t\t<\/div>\r\n\t\t\t\t<\/div>\r\n\t\t\t\t<div class=\"elementor-column elementor-col-25 elementor-top-column elementor-element elementor-element-02ba79e\" data-id=\"02ba79e\" data-element_type=\"column\">\r\n\t\t\t\t\t<div class=\"elementor-widget-wrap elementor-element-populated\">\r\n\t\t\t\t\t\t\t\t<div class=\"elementor-element elementor-element-e64b121 elementor-widget elementor-widget-image\" data-id=\"e64b121\" data-element_type=\"widget\" data-widget_type=\"image.default\">\n\t\t\t\t<div class=\"elementor-widget-container\">\n\t\t\t\t\t\t\t\t\t\t\t\t\t\t\t<img loading=\"lazy\" decoding=\"async\" width=\"736\" height=\"1000\" src=\"https:\/\/kadg.lt\/wp-content\/uploads\/2025\/03\/5.jpg\" class=\"attachment-large size-large wp-image-7374\" alt=\"\" srcset=\"https:\/\/kadg.lt\/wp-content\/uploads\/2025\/03\/5.jpg 736w, https:\/\/kadg.lt\/wp-content\/uploads\/2025\/03\/5-640x870.jpg 640w, https:\/\/kadg.lt\/wp-content\/uploads\/2025\/03\/5-400x543.jpg 400w, https:\/\/kadg.lt\/wp-content\/uploads\/2025\/03\/5-367x499.jpg 367w, https:\/\/kadg.lt\/wp-content\/uploads\/2025\/03\/5-600x815.jpg 600w\" sizes=\"(max-width: 736px) 100vw, 736px\" \/>\t\t\t\t\t\t\t\t\t\t\t\t\t\t\t<\/div>\n\t\t\t\t<\/div>\n\t\t\t\t\t<\/div>\r\n\t\t\t\t<\/div>\r\n\t\t\t\t<div class=\"elementor-column elementor-col-25 elementor-top-column elementor-element elementor-element-679e05c\" data-id=\"679e05c\" data-element_type=\"column\">\r\n\t\t\t\t\t<div class=\"elementor-widget-wrap elementor-element-populated\">\r\n\t\t\t\t\t\t\t\t<div class=\"elementor-element elementor-element-aef89fd elementor-widget elementor-widget-image\" data-id=\"aef89fd\" data-element_type=\"widget\" data-widget_type=\"image.default\">\n\t\t\t\t<div class=\"elementor-widget-container\">\n\t\t\t\t\t\t\t\t\t\t\t\t\t\t\t<img loading=\"lazy\" decoding=\"async\" width=\"736\" height=\"1000\" src=\"https:\/\/kadg.lt\/wp-content\/uploads\/2025\/03\/6.jpg\" class=\"attachment-large size-large wp-image-7373\" alt=\"\" srcset=\"https:\/\/kadg.lt\/wp-content\/uploads\/2025\/03\/6.jpg 736w, https:\/\/kadg.lt\/wp-content\/uploads\/2025\/03\/6-640x870.jpg 640w, https:\/\/kadg.lt\/wp-content\/uploads\/2025\/03\/6-400x543.jpg 400w, https:\/\/kadg.lt\/wp-content\/uploads\/2025\/03\/6-367x499.jpg 367w, https:\/\/kadg.lt\/wp-content\/uploads\/2025\/03\/6-600x815.jpg 600w\" sizes=\"(max-width: 736px) 100vw, 736px\" \/>\t\t\t\t\t\t\t\t\t\t\t\t\t\t\t<\/div>\n\t\t\t\t<\/div>\n\t\t\t\t\t<\/div>\r\n\t\t\t\t<\/div>\r\n\t\t\t\t\t<\/div>\r\n\t\t\t\t<\/section>\r\n\t\t\t\t<section class=\"elementor-section elementor-top-section elementor-element elementor-element-73901b0 elementor-section-boxed elementor-section-height-default elementor-section-height-default\" data-id=\"73901b0\" data-element_type=\"section\">\r\n\t\t\r\n\t\t\t\t\t\t\t<div class=\"elementor-container elementor-column-gap-default\">\r\n\t\t\t\t\t\t\t\t\t\t\t<div class=\"elementor-column elementor-col-25 elementor-top-column elementor-element elementor-element-82530cf\" data-id=\"82530cf\" data-element_type=\"column\">\r\n\t\t\t\t\t<div class=\"elementor-widget-wrap elementor-element-populated\">\r\n\t\t\t\t\t\t\t\t<div class=\"elementor-element elementor-element-1ee2ed8 elementor-widget elementor-widget-image\" data-id=\"1ee2ed8\" data-element_type=\"widget\" data-widget_type=\"image.default\">\n\t\t\t\t<div class=\"elementor-widget-container\">\n\t\t\t\t\t\t\t\t\t\t\t\t\t\t\t<img loading=\"lazy\" decoding=\"async\" width=\"736\" height=\"1000\" src=\"https:\/\/kadg.lt\/wp-content\/uploads\/2025\/03\/7.jpg\" class=\"attachment-large size-large wp-image-7372\" alt=\"\" srcset=\"https:\/\/kadg.lt\/wp-content\/uploads\/2025\/03\/7.jpg 736w, https:\/\/kadg.lt\/wp-content\/uploads\/2025\/03\/7-640x870.jpg 640w, https:\/\/kadg.lt\/wp-content\/uploads\/2025\/03\/7-400x543.jpg 400w, https:\/\/kadg.lt\/wp-content\/uploads\/2025\/03\/7-367x499.jpg 367w, https:\/\/kadg.lt\/wp-content\/uploads\/2025\/03\/7-600x815.jpg 600w\" sizes=\"(max-width: 736px) 100vw, 736px\" \/>\t\t\t\t\t\t\t\t\t\t\t\t\t\t\t<\/div>\n\t\t\t\t<\/div>\n\t\t\t\t\t<\/div>\r\n\t\t\t\t<\/div>\r\n\t\t\t\t<div class=\"elementor-column elementor-col-25 elementor-top-column elementor-element elementor-element-91e9037\" data-id=\"91e9037\" data-element_type=\"column\">\r\n\t\t\t\t\t<div class=\"elementor-widget-wrap elementor-element-populated\">\r\n\t\t\t\t\t\t\t\t<div class=\"elementor-element elementor-element-56aa63b elementor-widget elementor-widget-image\" data-id=\"56aa63b\" data-element_type=\"widget\" data-widget_type=\"image.default\">\n\t\t\t\t<div class=\"elementor-widget-container\">\n\t\t\t\t\t\t\t\t\t\t\t\t\t\t\t<img loading=\"lazy\" decoding=\"async\" width=\"736\" height=\"1000\" src=\"https:\/\/kadg.lt\/wp-content\/uploads\/2025\/03\/8.jpg\" class=\"attachment-large size-large wp-image-7371\" alt=\"\" srcset=\"https:\/\/kadg.lt\/wp-content\/uploads\/2025\/03\/8.jpg 736w, https:\/\/kadg.lt\/wp-content\/uploads\/2025\/03\/8-640x870.jpg 640w, https:\/\/kadg.lt\/wp-content\/uploads\/2025\/03\/8-400x543.jpg 400w, https:\/\/kadg.lt\/wp-content\/uploads\/2025\/03\/8-367x499.jpg 367w, https:\/\/kadg.lt\/wp-content\/uploads\/2025\/03\/8-600x815.jpg 600w\" sizes=\"(max-width: 736px) 100vw, 736px\" \/>\t\t\t\t\t\t\t\t\t\t\t\t\t\t\t<\/div>\n\t\t\t\t<\/div>\n\t\t\t\t\t<\/div>\r\n\t\t\t\t<\/div>\r\n\t\t\t\t<div class=\"elementor-column elementor-col-25 elementor-top-column elementor-element elementor-element-85da9f4\" data-id=\"85da9f4\" data-element_type=\"column\">\r\n\t\t\t\t\t<div class=\"elementor-widget-wrap elementor-element-populated\">\r\n\t\t\t\t\t\t\t\t<div class=\"elementor-element elementor-element-c46ae69 elementor-widget elementor-widget-image\" data-id=\"c46ae69\" data-element_type=\"widget\" data-widget_type=\"image.default\">\n\t\t\t\t<div class=\"elementor-widget-container\">\n\t\t\t\t\t\t\t\t\t\t\t\t\t\t\t<img loading=\"lazy\" decoding=\"async\" width=\"736\" height=\"1000\" src=\"https:\/\/kadg.lt\/wp-content\/uploads\/2025\/03\/11.jpg\" class=\"attachment-large size-large wp-image-7368\" alt=\"\" srcset=\"https:\/\/kadg.lt\/wp-content\/uploads\/2025\/03\/11.jpg 736w, https:\/\/kadg.lt\/wp-content\/uploads\/2025\/03\/11-640x870.jpg 640w, https:\/\/kadg.lt\/wp-content\/uploads\/2025\/03\/11-400x543.jpg 400w, https:\/\/kadg.lt\/wp-content\/uploads\/2025\/03\/11-367x499.jpg 367w, https:\/\/kadg.lt\/wp-content\/uploads\/2025\/03\/11-600x815.jpg 600w\" sizes=\"(max-width: 736px) 100vw, 736px\" \/>\t\t\t\t\t\t\t\t\t\t\t\t\t\t\t<\/div>\n\t\t\t\t<\/div>\n\t\t\t\t\t<\/div>\r\n\t\t\t\t<\/div>\r\n\t\t\t\t<div class=\"elementor-column elementor-col-25 elementor-top-column elementor-element elementor-element-9d174d7\" data-id=\"9d174d7\" data-element_type=\"column\">\r\n\t\t\t\t\t<div class=\"elementor-widget-wrap elementor-element-populated\">\r\n\t\t\t\t\t\t\t\t<div class=\"elementor-element elementor-element-96c9fbb elementor-widget elementor-widget-image\" data-id=\"96c9fbb\" data-element_type=\"widget\" data-widget_type=\"image.default\">\n\t\t\t\t<div class=\"elementor-widget-container\">\n\t\t\t\t\t\t\t\t\t\t\t\t\t\t\t<img loading=\"lazy\" decoding=\"async\" width=\"736\" height=\"1000\" src=\"https:\/\/kadg.lt\/wp-content\/uploads\/2025\/03\/12.jpg\" class=\"attachment-large size-large wp-image-7367\" alt=\"\" srcset=\"https:\/\/kadg.lt\/wp-content\/uploads\/2025\/03\/12.jpg 736w, https:\/\/kadg.lt\/wp-content\/uploads\/2025\/03\/12-640x870.jpg 640w, https:\/\/kadg.lt\/wp-content\/uploads\/2025\/03\/12-400x543.jpg 400w, https:\/\/kadg.lt\/wp-content\/uploads\/2025\/03\/12-367x499.jpg 367w, https:\/\/kadg.lt\/wp-content\/uploads\/2025\/03\/12-600x815.jpg 600w\" sizes=\"(max-width: 736px) 100vw, 736px\" \/>\t\t\t\t\t\t\t\t\t\t\t\t\t\t\t<\/div>\n\t\t\t\t<\/div>\n\t\t\t\t\t<\/div>\r\n\t\t\t\t<\/div>\r\n\t\t\t\t\t<\/div>\r\n\t\t\t\t<\/section>\r\n\t\t\t\t<\/div>\n\t\t","protected":false},"excerpt":{"rendered":"<p>2025 m. kovo 16 d. Kauno valstybin\u0117je filharmonijoje vyko koncertas M.K.\u010ciurlionio 150 &#8211; osioms metin\u0117ms pamin\u0117ti. Kauno dail\u0117s gimnazijos ketvirtos ir penktos klas\u0117s mokini\u0173 dail\u0117s darbai sukurti meninio ugdymo projektui &#8222;Karali\u0173 pasakos&#8221;, skirtam M.K.\u010ciurlionio 150 &#8211; tiesiems jubiliejiniams gimimo metams pamin\u0117ti. \u0160iandien, rodos, ne\u012fmanoma \u012fsivaizduoti \u010ciurlionio muzikos be jo tapybos darb\u0173, lai\u0161k\u0173. Gilindamiesi \u012f M.K. [&hellip;]<\/p>\n","protected":false},"author":2,"featured_media":0,"parent":0,"menu_order":0,"comment_status":"closed","ping_status":"closed","template":"","meta":{"footnotes":""},"class_list":["post-7355","page","type-page","status-publish","hentry"],"_links":{"self":[{"href":"https:\/\/kadg.lt\/index.php\/wp-json\/wp\/v2\/pages\/7355","targetHints":{"allow":["GET"]}}],"collection":[{"href":"https:\/\/kadg.lt\/index.php\/wp-json\/wp\/v2\/pages"}],"about":[{"href":"https:\/\/kadg.lt\/index.php\/wp-json\/wp\/v2\/types\/page"}],"author":[{"embeddable":true,"href":"https:\/\/kadg.lt\/index.php\/wp-json\/wp\/v2\/users\/2"}],"replies":[{"embeddable":true,"href":"https:\/\/kadg.lt\/index.php\/wp-json\/wp\/v2\/comments?post=7355"}],"version-history":[{"count":13,"href":"https:\/\/kadg.lt\/index.php\/wp-json\/wp\/v2\/pages\/7355\/revisions"}],"predecessor-version":[{"id":7391,"href":"https:\/\/kadg.lt\/index.php\/wp-json\/wp\/v2\/pages\/7355\/revisions\/7391"}],"wp:attachment":[{"href":"https:\/\/kadg.lt\/index.php\/wp-json\/wp\/v2\/media?parent=7355"}],"curies":[{"name":"wp","href":"https:\/\/api.w.org\/{rel}","templated":true}]}}