{"id":785,"date":"2021-05-18T16:37:31","date_gmt":"2021-05-18T13:37:31","guid":{"rendered":"http:\/\/kadg.lt\/?page_id=785"},"modified":"2023-08-04T09:58:44","modified_gmt":"2023-08-04T06:58:44","slug":"kauno-dailes-gimnazijos-modernizavimas","status":"publish","type":"page","link":"https:\/\/kadg.lt\/index.php\/kauno-dailes-gimnazijos-modernizavimas\/","title":{"rendered":"Kauno dail\u0117s gimnazijos modernizavimas"},"content":{"rendered":"\t\t<div data-elementor-type=\"wp-page\" data-elementor-id=\"785\" class=\"elementor elementor-785\">\n\t\t\t\t\t\t<section class=\"elementor-section elementor-top-section elementor-element elementor-element-8c4162b elementor-section-boxed elementor-section-height-default elementor-section-height-default\" data-id=\"8c4162b\" data-element_type=\"section\">\r\n\t\t\r\n\t\t\t\t\t\t\t<div class=\"elementor-container elementor-column-gap-default\">\r\n\t\t\t\t\t\t\t\t\t\t\t<div class=\"elementor-column elementor-col-100 elementor-top-column elementor-element elementor-element-8726961\" data-id=\"8726961\" data-element_type=\"column\">\r\n\t\t\t\t\t<div class=\"elementor-widget-wrap elementor-element-populated\">\r\n\t\t\t\t\t\t\t\t<div class=\"elementor-element elementor-element-93f79e6 elementor-widget elementor-widget-text-editor\" data-id=\"93f79e6\" data-element_type=\"widget\" data-widget_type=\"text-editor.default\">\n\t\t\t\t<div class=\"elementor-widget-container\">\n\t\t\t\t\t\t\t\t\t<p>Kauno dail\u0117s gimnazijos vizija \u2013 asmens ugdymosi s\u0117km\u0117s siekianti \u0161vietimo \u012fstaiga &#8211; dail\u0117s ugdymo edukacinis centras, bendradarbiaujantis su giminingomis meno institucijomis Lietuvoje ir u\u017esienyje, sukuriantis \u0161iuolaiki\u0161kas, technologijomis ir pedagogin\u0117mis bei psichologin\u0117mis naujov\u0117mis gr\u012fstas ugdymosi s\u0105lygas, orientuotas \u012f k\u016brybini\u0173 mokini\u0173 gali\u0173 didinim\u0105, k\u016brybi\u0161kumo skatinim\u0105. Pagrindin\u0117 problema, su kuria susiduria mokykla, ir kuri\u0105 siekiama spr\u0119sti \u012fgyvendinant \u0161\u012f projekt\u0105 \u2013 tr\u016bksta modernios specializuotos mokymosi aplinkos (speciali\u0173 erdvi\u0173, \u012frangos, priemoni\u0173 ir bald\u0173), siekiant suteikti auk\u0161tos kokyb\u0117s, technologijomis ir inovacijomis gr\u012fst\u0105 ugdym\u0105. Tod\u0117l i\u0161sikeltas projekto tikslas &#8211; modernizuoti Kauno dail\u0117s gimnazijos pastatus ir mokymosi aplinkas. Projekto u\u017edavinys &#8211; modernizuoti mokyklos pastatus ir mokymosi aplinkas, \u012fsigyjant reikalingas paslaugas, \u012frangos bei priemoni\u0173. Projekto veiklos: 1) rangos darbai mokyklos pastatuose, 2)priemoni\u0173 \u012fsigijimas, 3) bald\u0173 \u012fsigijimas.<\/p><p>\u00a0<\/p>\t\t\t\t\t\t\t\t<\/div>\n\t\t\t\t<\/div>\n\t\t\t\t\t<\/div>\r\n\t\t\t\t<\/div>\r\n\t\t\t\t\t<\/div>\r\n\t\t\t\t<\/section>\r\n\t\t\t\t<section class=\"elementor-section elementor-top-section elementor-element elementor-element-b60ae4b elementor-section-boxed elementor-section-height-default elementor-section-height-default\" data-id=\"b60ae4b\" data-element_type=\"section\">\r\n\t\t\r\n\t\t\t\t\t\t\t<div class=\"elementor-container elementor-column-gap-default\">\r\n\t\t\t\t\t\t\t\t\t\t\t<div class=\"elementor-column elementor-col-100 elementor-top-column elementor-element elementor-element-40590aa\" data-id=\"40590aa\" data-element_type=\"column\">\r\n\t\t\t\t\t<div class=\"elementor-widget-wrap elementor-element-populated\">\r\n\t\t\t\t\t\t\t\t<div class=\"elementor-element elementor-element-acee1e5 elementor-widget elementor-widget-text-editor\" data-id=\"acee1e5\" data-element_type=\"widget\" data-widget_type=\"text-editor.default\">\n\t\t\t\t<div class=\"elementor-widget-container\">\n\t\t\t\t\t\t\t\t\t<p><img fetchpriority=\"high\" decoding=\"async\" class=\"alignnone wp-image-796 size-full\" src=\"https:\/\/kadg.lt\/wp-content\/uploads\/2021\/05\/plakatas_naujas.png\" alt=\"\" width=\"845\" height=\"597\" srcset=\"https:\/\/kadg.lt\/wp-content\/uploads\/2021\/05\/plakatas_naujas.png 845w, https:\/\/kadg.lt\/wp-content\/uploads\/2021\/05\/plakatas_naujas-768x543.png 768w, https:\/\/kadg.lt\/wp-content\/uploads\/2021\/05\/plakatas_naujas-640x452.png 640w, https:\/\/kadg.lt\/wp-content\/uploads\/2021\/05\/plakatas_naujas-400x283.png 400w, https:\/\/kadg.lt\/wp-content\/uploads\/2021\/05\/plakatas_naujas-367x259.png 367w, https:\/\/kadg.lt\/wp-content\/uploads\/2021\/05\/plakatas_naujas-600x424.png 600w\" sizes=\"(max-width: 845px) 100vw, 845px\" \/><\/p>\t\t\t\t\t\t\t\t<\/div>\n\t\t\t\t<\/div>\n\t\t\t\t\t<\/div>\r\n\t\t\t\t<\/div>\r\n\t\t\t\t\t<\/div>\r\n\t\t\t\t<\/section>\r\n\t\t\t\t<section class=\"elementor-section elementor-top-section elementor-element elementor-element-9ac3986 elementor-section-boxed elementor-section-height-default elementor-section-height-default\" data-id=\"9ac3986\" data-element_type=\"section\">\r\n\t\t\r\n\t\t\t\t\t\t\t<div class=\"elementor-container elementor-column-gap-default\">\r\n\t\t\t\t\t\t\t\t\t\t\t<div class=\"elementor-column elementor-col-100 elementor-top-column elementor-element elementor-element-e4dc63e\" data-id=\"e4dc63e\" data-element_type=\"column\">\r\n\t\t\t\t\t<div class=\"elementor-widget-wrap elementor-element-populated\">\r\n\t\t\t\t\t\t\t\t<div class=\"elementor-element elementor-element-a490823 elementor-widget elementor-widget-text-editor\" data-id=\"a490823\" data-element_type=\"widget\" data-widget_type=\"text-editor.default\">\n\t\t\t\t<div class=\"elementor-widget-container\">\n\t\t\t\t\t\t\t\t\t<header class=\"article-header clearfix\"><h2 class=\"article-title\">Technologij\u0173, men\u0173 ir gamtos moksl\u0173 infrastrukt\u016bra<\/h2><\/header><section class=\"article-intro clearfix\"><p><img decoding=\"async\" class=\"wp-image-1622 alignleft\" src=\"https:\/\/kadg.lt\/wp-content\/uploads\/2021\/08\/gamta-300x218.png\" alt=\"\" width=\"210\" height=\"153\" \/> Gimnazija dalyvauja projekte \u201eTechnologij\u0173, men\u0173 ir gamtos moksl\u0173 infrastrukt\u016bra\u201c, kuris skirtas apr\u016bpinti mokyklas \u0161iuolaikin\u0117mis mokymo priemon\u0117mis. \u0160io projekto tikslas \u2013 pl\u0117sti galimybi\u0173 rat\u0105 mokiniams renkantis mokymosi krypt\u012f, atitinkan\u010di\u0105 \u012fvairius j\u0173 polinkius bei poreikius. Pagrindinis projekto \u201eTechnologij\u0173, men\u0173 ir gamtos moksl\u0173 infrastrukt\u016bra\u201c u\u017edavinys \u2013 modernizuoti bendrojo lavinimo mokyklas, kurios turi 9\u201312 klasi\u0173 mokinius ir technologini\u0173 gimnazij\u0173 skyrius, atnaujinant gamtos, men\u0173 bei technologij\u0173 mokymo priemones.<\/p><\/section>\t\t\t\t\t\t\t\t<\/div>\n\t\t\t\t<\/div>\n\t\t\t\t\t<\/div>\r\n\t\t\t\t<\/div>\r\n\t\t\t\t\t<\/div>\r\n\t\t\t\t<\/section>\r\n\t\t\t\t<section class=\"elementor-section elementor-top-section elementor-element elementor-element-1969a3c elementor-section-boxed elementor-section-height-default elementor-section-height-default\" data-id=\"1969a3c\" data-element_type=\"section\">\r\n\t\t\r\n\t\t\t\t\t\t\t<div class=\"elementor-container elementor-column-gap-default\">\r\n\t\t\t\t\t\t\t\t\t\t\t<div class=\"elementor-column elementor-col-100 elementor-top-column elementor-element elementor-element-b274d80\" data-id=\"b274d80\" data-element_type=\"column\">\r\n\t\t\t\t\t<div class=\"elementor-widget-wrap elementor-element-populated\">\r\n\t\t\t\t\t\t\t\t<div class=\"elementor-element elementor-element-b9bc074 elementor-widget elementor-widget-text-editor\" data-id=\"b9bc074\" data-element_type=\"widget\" data-widget_type=\"text-editor.default\">\n\t\t\t\t<div class=\"elementor-widget-container\">\n\t\t\t\t\t\t\t\t\t<header class=\"article-header clearfix\"><h2 class=\"article-title\">Mokykl\u0173 apr\u016bpinimas gamtos ir technologini\u0173 moksl\u0173 priemon\u0117mis<\/h2><\/header><section class=\"article-intro clearfix\"><p><img decoding=\"async\" class=\" wp-image-1623 alignleft\" src=\"https:\/\/kadg.lt\/wp-content\/uploads\/2021\/08\/technologijos-300x203.png\" alt=\"\" width=\"210\" height=\"142\" \/>Gimnazija dalyvauja projekte \u201eMokykl\u0173 apr\u016bpinimas gamtos ir technologini\u0173 moksl\u0173 priemon\u0117mis\u201c, skirtame padidinti bendrojo ugdymo mokykl\u0173 ugdymo kokyb\u0119 ir pasiekimus, modernizuojant 1-8 klasi\u0173 mokini\u0173 gamtos ir technologini\u0173 moksl\u0173 tiriamosios bei praktin\u0117s veiklos aplink\u0105, pat\u012f mokymo(si) proces\u0105. Gimnazija bus apr\u016bpinta gamtos ir technologini\u0173 moksl\u0173 priemon\u0117mis bei \u012franga, bus rengiamos metodikos, kurios pad\u0117s taikyti \u012fsigytas mokymo priemones ir \u012frang\u0105 atliekant \u012fvairius eksperimentus, tyrimus, bandymus, laboratorinius darbus.<\/p><p style=\"text-align: center;\">\u00a0<\/p><\/section>\t\t\t\t\t\t\t\t<\/div>\n\t\t\t\t<\/div>\n\t\t\t\t\t<\/div>\r\n\t\t\t\t<\/div>\r\n\t\t\t\t\t<\/div>\r\n\t\t\t\t<\/section>\r\n\t\t\t\t<section class=\"elementor-section elementor-top-section elementor-element elementor-element-d014edb elementor-section-boxed elementor-section-height-default elementor-section-height-default\" data-id=\"d014edb\" data-element_type=\"section\">\r\n\t\t\r\n\t\t\t\t\t\t\t<div class=\"elementor-container elementor-column-gap-default\">\r\n\t\t\t\t\t\t\t\t\t\t\t<div class=\"elementor-column elementor-col-100 elementor-top-column elementor-element elementor-element-23bd46c\" data-id=\"23bd46c\" data-element_type=\"column\">\r\n\t\t\t\t\t<div class=\"elementor-widget-wrap elementor-element-populated\">\r\n\t\t\t\t\t\t\t\t<div class=\"elementor-element elementor-element-2da1826 elementor-widget elementor-widget-text-editor\" data-id=\"2da1826\" data-element_type=\"widget\" data-widget_type=\"text-editor.default\">\n\t\t\t\t<div class=\"elementor-widget-container\">\n\t\t\t\t\t\t\t\t\t<p><img loading=\"lazy\" decoding=\"async\" class=\"alignnone size-full wp-image-4170\" src=\"https:\/\/kadg.lt\/wp-content\/uploads\/2023\/02\/12.png\" alt=\"\" width=\"266\" height=\"96\" \/><\/p><p><strong>Karjeros specialist\u0173 tinklo vystymas <\/strong><\/p><p>Projekto \u201eKarjeros specialist\u0173 tinklo vystymas\u201c tikslas \u2013 u\u017etikrinti profesinio orientavimo paslaug\u0173 teikim\u0105 \u012fvairaus am\u017eiaus mokiniams bendrojo ugdymo, profesinio mokymo ir kitose \u0161vietimo \u012fstaigose.\u00a0<\/p><p>Projekto metu numatoma vystyti karjeros specialist\u0173 tinkl\u0105 ir u\u017etikrinti karjeros konsultavimo paslaug\u0173 teikim\u0105 mokiniams. Projekto metu bus \u012fdarbinti karjeros specialistai, teikiantys profesinio orientavimo paslaugas mokiniams bendrojo ugdymo mokyklose ar kitose \u0161vietimo \u012fstaigose. Numatoma, kad 2023 m. pabaigoje \u0161vietimo \u012fstaigose dirbs 380 karjeros specialist\u0173. Profesinis orientavimas bus vykdomas teikiant ugdymo karjerai, profesinio informavimo ir profesinio konsultavimo paslaugas.<\/p><p>Projekto trukm\u0117 \u2013 2022 m. rugs\u0117jo 13 d. \u2013 2023 m. gruod\u017eio 31 d.<br \/>Projekto finansavimo suma \u2013 9 998 172,97 Eur\u00a0<\/p><p>Projektas finansuojamas Ekonomikos gaivinimo ir atsparumo didinimo priemon\u0117s l\u0117\u0161omis.<\/p><p><strong>Kauno dail\u0117s gimnazija \u0161iame projekte dalyvauja kaip partneriai.<\/strong><\/p>\t\t\t\t\t\t\t\t<\/div>\n\t\t\t\t<\/div>\n\t\t\t\t\t<\/div>\r\n\t\t\t\t<\/div>\r\n\t\t\t\t\t<\/div>\r\n\t\t\t\t<\/section>\r\n\t\t\t\t<\/div>\n\t\t","protected":false},"excerpt":{"rendered":"<p>Kauno dail\u0117s gimnazijos vizija \u2013 asmens ugdymosi s\u0117km\u0117s siekianti \u0161vietimo \u012fstaiga &#8211; dail\u0117s ugdymo edukacinis centras, bendradarbiaujantis su giminingomis meno institucijomis Lietuvoje ir u\u017esienyje, sukuriantis \u0161iuolaiki\u0161kas, technologijomis ir pedagogin\u0117mis bei psichologin\u0117mis naujov\u0117mis gr\u012fstas ugdymosi s\u0105lygas, orientuotas \u012f k\u016brybini\u0173 mokini\u0173 gali\u0173 didinim\u0105, k\u016brybi\u0161kumo skatinim\u0105. Pagrindin\u0117 problema, su kuria susiduria mokykla, ir kuri\u0105 siekiama spr\u0119sti \u012fgyvendinant \u0161\u012f [&hellip;]<\/p>\n","protected":false},"author":2,"featured_media":0,"parent":0,"menu_order":0,"comment_status":"closed","ping_status":"closed","template":"","meta":{"footnotes":""},"class_list":["post-785","page","type-page","status-publish","hentry"],"_links":{"self":[{"href":"https:\/\/kadg.lt\/index.php\/wp-json\/wp\/v2\/pages\/785","targetHints":{"allow":["GET"]}}],"collection":[{"href":"https:\/\/kadg.lt\/index.php\/wp-json\/wp\/v2\/pages"}],"about":[{"href":"https:\/\/kadg.lt\/index.php\/wp-json\/wp\/v2\/types\/page"}],"author":[{"embeddable":true,"href":"https:\/\/kadg.lt\/index.php\/wp-json\/wp\/v2\/users\/2"}],"replies":[{"embeddable":true,"href":"https:\/\/kadg.lt\/index.php\/wp-json\/wp\/v2\/comments?post=785"}],"version-history":[{"count":29,"href":"https:\/\/kadg.lt\/index.php\/wp-json\/wp\/v2\/pages\/785\/revisions"}],"predecessor-version":[{"id":4758,"href":"https:\/\/kadg.lt\/index.php\/wp-json\/wp\/v2\/pages\/785\/revisions\/4758"}],"wp:attachment":[{"href":"https:\/\/kadg.lt\/index.php\/wp-json\/wp\/v2\/media?parent=785"}],"curies":[{"name":"wp","href":"https:\/\/api.w.org\/{rel}","templated":true}]}}