{"id":8053,"date":"2026-01-15T11:16:50","date_gmt":"2026-01-15T08:16:50","guid":{"rendered":"https:\/\/kadg.lt\/?page_id=8053"},"modified":"2026-01-29T10:22:43","modified_gmt":"2026-01-29T07:22:43","slug":"2026-m-viesuju-pirkimu-planai","status":"publish","type":"page","link":"https:\/\/kadg.lt\/index.php\/2026-m-viesuju-pirkimu-planai\/","title":{"rendered":"2026 m. Vie\u0161\u0173j\u0173 pirkim\u0173 planai"},"content":{"rendered":"\t\t<div data-elementor-type=\"wp-page\" data-elementor-id=\"8053\" class=\"elementor elementor-8053\">\n\t\t\t\t\t\t<section class=\"elementor-section elementor-top-section elementor-element elementor-element-dbd89ac elementor-section-boxed elementor-section-height-default elementor-section-height-default\" data-id=\"dbd89ac\" data-element_type=\"section\">\r\n\t\t\r\n\t\t\t\t\t\t\t<div class=\"elementor-container elementor-column-gap-default\">\r\n\t\t\t\t\t\t\t\t\t\t\t<div class=\"elementor-column elementor-col-100 elementor-top-column elementor-element elementor-element-2d64308\" data-id=\"2d64308\" data-element_type=\"column\">\r\n\t\t\t\t\t<div class=\"elementor-widget-wrap elementor-element-populated\">\r\n\t\t\t\t\t\t\t\t<div class=\"elementor-element elementor-element-147ac61 elementor-widget elementor-widget-text-editor\" data-id=\"147ac61\" data-element_type=\"widget\" data-widget_type=\"text-editor.default\">\n\t\t\t\t<div class=\"elementor-widget-container\">\n\t\t\t\t\t\t\t\t\t<p><a href=\"https:\/\/kadg.lt\/wp-content\/uploads\/2026\/01\/2026-m.-Viesuju-pirkimu-planas-Nr.1.pdf\">2026 m. Vie\u0161\u0173j\u0173 pirkim\u0173 planas Nr.1<\/a><\/p><p><a href=\"https:\/\/kadg.lt\/wp-content\/uploads\/2026\/01\/2026-m.-Viesuju-pirkimu-planas-Nr.-2.pdf\">2026 m. Vie\u0161\u0173j\u0173 pirkim\u0173 planas Nr. 2<\/a><\/p>\t\t\t\t\t\t\t\t<\/div>\n\t\t\t\t<\/div>\n\t\t\t\t\t<\/div>\r\n\t\t\t\t<\/div>\r\n\t\t\t\t\t<\/div>\r\n\t\t\t\t<\/section>\r\n\t\t\t\t<\/div>\n\t\t","protected":false},"excerpt":{"rendered":"<p>2026 m. Vie\u0161\u0173j\u0173 pirkim\u0173 planas Nr.1 2026 m. Vie\u0161\u0173j\u0173 pirkim\u0173 planas Nr. 2<\/p>\n","protected":false},"author":2,"featured_media":0,"parent":0,"menu_order":0,"comment_status":"closed","ping_status":"closed","template":"","meta":{"footnotes":""},"class_list":["post-8053","page","type-page","status-publish","hentry"],"_links":{"self":[{"href":"https:\/\/kadg.lt\/index.php\/wp-json\/wp\/v2\/pages\/8053","targetHints":{"allow":["GET"]}}],"collection":[{"href":"https:\/\/kadg.lt\/index.php\/wp-json\/wp\/v2\/pages"}],"about":[{"href":"https:\/\/kadg.lt\/index.php\/wp-json\/wp\/v2\/types\/page"}],"author":[{"embeddable":true,"href":"https:\/\/kadg.lt\/index.php\/wp-json\/wp\/v2\/users\/2"}],"replies":[{"embeddable":true,"href":"https:\/\/kadg.lt\/index.php\/wp-json\/wp\/v2\/comments?post=8053"}],"version-history":[{"count":7,"href":"https:\/\/kadg.lt\/index.php\/wp-json\/wp\/v2\/pages\/8053\/revisions"}],"predecessor-version":[{"id":8118,"href":"https:\/\/kadg.lt\/index.php\/wp-json\/wp\/v2\/pages\/8053\/revisions\/8118"}],"wp:attachment":[{"href":"https:\/\/kadg.lt\/index.php\/wp-json\/wp\/v2\/media?parent=8053"}],"curies":[{"name":"wp","href":"https:\/\/api.w.org\/{rel}","templated":true}]}}