{"id":8181,"date":"2026-02-18T15:10:13","date_gmt":"2026-02-18T12:10:13","guid":{"rendered":"https:\/\/kadg.lt\/?page_id=8181"},"modified":"2026-02-18T15:14:10","modified_gmt":"2026-02-18T12:14:10","slug":"gimnazijos-veiklos-kokybes-platusis-isivertinimas","status":"publish","type":"page","link":"https:\/\/kadg.lt\/index.php\/gimnazijos-veiklos-kokybes-platusis-isivertinimas\/","title":{"rendered":"Gimnazijos veiklos kokyb\u0117s platusis \u012fsivertinimas"},"content":{"rendered":"\t\t<div data-elementor-type=\"wp-page\" data-elementor-id=\"8181\" class=\"elementor elementor-8181\">\n\t\t\t\t\t\t<section class=\"elementor-section elementor-top-section elementor-element elementor-element-c344aa9 elementor-section-boxed elementor-section-height-default elementor-section-height-default\" data-id=\"c344aa9\" data-element_type=\"section\">\r\n\t\t\r\n\t\t\t\t\t\t\t<div class=\"elementor-container elementor-column-gap-default\">\r\n\t\t\t\t\t\t\t\t\t\t\t<div class=\"elementor-column elementor-col-50 elementor-top-column elementor-element elementor-element-a3d3d1f\" data-id=\"a3d3d1f\" data-element_type=\"column\">\r\n\t\t\t\t\t<div class=\"elementor-widget-wrap elementor-element-populated\">\r\n\t\t\t\t\t\t\t\t<div class=\"elementor-element elementor-element-90c8c24 elementor-widget elementor-widget-text-editor\" data-id=\"90c8c24\" data-element_type=\"widget\" data-widget_type=\"text-editor.default\">\n\t\t\t\t<div class=\"elementor-widget-container\">\n\t\t\t\t\t\t\t\t\t<p><span style=\"font-size: 18px;\">\u00a0 \u00a0 Gimnazijos mikroklimato \u012fsivertinimas<\/span><\/p><ul><li><span style=\"font-size: 18px;\"><a href=\"https:\/\/kadg.lt\/wp-content\/uploads\/2026\/01\/Gimnazijos-mikroklimato-isivertinimo-uz-2025-m.-ataskaita-1.pdf\">Gimnazijos mikroklimato \u012fsivertinimo u\u017e 2025 m. ataskaita<\/a><\/span><\/li><li><span style=\"font-size: 18px;\"><a href=\"https:\/\/kadg.lt\/wp-content\/uploads\/2025\/01\/Gimnazijos-mikroklimato-isivertinimo-uz-2024-m.-ataskaita.pdf\">Gimnazijos mikroklimato \u012fsivertinimo u\u017e 2024 m. ataskaita<\/a><\/span><\/li><li><span style=\"font-size: 18px;\"><a href=\"https:\/\/kadg.lt\/wp-content\/uploads\/2024\/01\/Gimnazijos-mikroklimato-isivertinimo-uz-2023-m.-ataskaita.pdf\">Gimnazijos mikroklimato \u012fsivertinimo u\u017e 2023 m. ataskaita<\/a><\/span><\/li><\/ul><p><span style=\"font-size: 18px;\">\u00a0 \u00a0 \u00a0Gimnazijos veiklos kokyb\u0117s platusis\u00a0 \u00a0 \u00a0 \u00a0 \u00a0 \u012fsivertinimas 2022<\/span><\/p><ul><li><span style=\"font-size: 18px;\"><a href=\"https:\/\/kadg.lt\/wp-content\/uploads\/2023\/03\/Mokiniu-apklausos-analize-2022.pdf\">Mokini\u0173 apklausos analiz\u0117 2022<\/a><\/span><\/li><li><span style=\"font-size: 18px;\"><a href=\"https:\/\/kadg.lt\/wp-content\/uploads\/2023\/03\/Mokytoju-apklausos-analize-2022.pdf\">Mokytoj\u0173 apklausos analiz\u0117 2022<\/a><\/span><\/li><li><span style=\"font-size: 18px;\"><a href=\"https:\/\/kadg.lt\/wp-content\/uploads\/2023\/03\/Tevu-apklausos-analize-2022.pdf\">T\u0117v\u0173 apklausos analiz\u0117 2022<\/a><\/span><\/li><\/ul>\t\t\t\t\t\t\t\t<\/div>\n\t\t\t\t<\/div>\n\t\t\t\t\t<\/div>\r\n\t\t\t\t<\/div>\r\n\t\t\t\t<div class=\"elementor-column elementor-col-50 elementor-top-column elementor-element elementor-element-f8ac3c5\" data-id=\"f8ac3c5\" data-element_type=\"column\">\r\n\t\t\t\t\t<div class=\"elementor-widget-wrap elementor-element-populated\">\r\n\t\t\t\t\t\t\t\t<div class=\"elementor-element elementor-element-6be1647 elementor-widget elementor-widget-text-editor\" data-id=\"6be1647\" data-element_type=\"widget\" data-widget_type=\"text-editor.default\">\n\t\t\t\t<div class=\"elementor-widget-container\">\n\t\t\t\t\t\t\t\t\t<div>\u00a0 \u00a0 \u00a0 \u00a0 <span style=\"font-size: 18px;\">\u00a0 \u00a0Gimnazijos teminis \u012fsivertinimas<\/span><\/div><div><span style=\"font-size: 18px;\">\u00a0 \u00a0 \u00a0 \u00a0 \u00a0&#8222;Ugdymasis ir mokini\u0173 patirtys 2023&#8221;<\/span><\/div><div>\u00a0<\/div><ul><li><span style=\"font-size: 18px;\"><a href=\"https:\/\/kadg.lt\/wp-content\/uploads\/2024\/03\/Bendra-5-12-klasiu-mokiniu-TEVELIU-atsakymu-analize-ir-rezultatai.pdf\">Bendra 5-12 klasi\u0173 mokini\u0173 T\u0116VELI\u0172 atsakym\u0173 analiz\u0117 ir rezultatai<\/a><\/span><\/li><li><span style=\"font-size: 18px;\"><a href=\"https:\/\/kadg.lt\/wp-content\/uploads\/2024\/03\/Bendra-5-12-klasiu-MOKINIU-atsakymu-analize-ir-rezultatai-1.pdf\">Bendra 5-12 klasi\u0173 MOKINI\u0172 atsakym\u0173 analiz\u0117 ir rezultatai<\/a><\/span><\/li><li><span style=\"font-size: 18px;\"><a href=\"https:\/\/kadg.lt\/wp-content\/uploads\/2024\/03\/MOKYTOJU-atsakymu-analize-ir-rezultatai-1.pdf\">MOKYTOJ\u0172 atsakym\u0173 analiz\u0117 ir rezultatai<\/a><\/span><\/li><\/ul>\t\t\t\t\t\t\t\t<\/div>\n\t\t\t\t<\/div>\n\t\t\t\t\t<\/div>\r\n\t\t\t\t<\/div>\r\n\t\t\t\t\t<\/div>\r\n\t\t\t\t<\/section>\r\n\t\t\t\t<\/div>\n\t\t","protected":false},"excerpt":{"rendered":"<p>\u00a0 \u00a0 Gimnazijos mikroklimato \u012fsivertinimas Gimnazijos mikroklimato \u012fsivertinimo u\u017e 2025 m. ataskaita Gimnazijos mikroklimato \u012fsivertinimo u\u017e 2024 m. ataskaita Gimnazijos mikroklimato \u012fsivertinimo u\u017e 2023 m. ataskaita \u00a0 \u00a0 \u00a0Gimnazijos veiklos kokyb\u0117s platusis\u00a0 \u00a0 \u00a0 \u00a0 \u00a0 \u012fsivertinimas 2022 Mokini\u0173 apklausos analiz\u0117 2022 Mokytoj\u0173 apklausos analiz\u0117 2022 T\u0117v\u0173 apklausos analiz\u0117 2022 \u00a0 \u00a0 \u00a0 \u00a0 \u00a0 [&hellip;]<\/p>\n","protected":false},"author":2,"featured_media":0,"parent":0,"menu_order":0,"comment_status":"closed","ping_status":"closed","template":"","meta":{"footnotes":""},"class_list":["post-8181","page","type-page","status-publish","hentry"],"_links":{"self":[{"href":"https:\/\/kadg.lt\/index.php\/wp-json\/wp\/v2\/pages\/8181","targetHints":{"allow":["GET"]}}],"collection":[{"href":"https:\/\/kadg.lt\/index.php\/wp-json\/wp\/v2\/pages"}],"about":[{"href":"https:\/\/kadg.lt\/index.php\/wp-json\/wp\/v2\/types\/page"}],"author":[{"embeddable":true,"href":"https:\/\/kadg.lt\/index.php\/wp-json\/wp\/v2\/users\/2"}],"replies":[{"embeddable":true,"href":"https:\/\/kadg.lt\/index.php\/wp-json\/wp\/v2\/comments?post=8181"}],"version-history":[{"count":7,"href":"https:\/\/kadg.lt\/index.php\/wp-json\/wp\/v2\/pages\/8181\/revisions"}],"predecessor-version":[{"id":8191,"href":"https:\/\/kadg.lt\/index.php\/wp-json\/wp\/v2\/pages\/8181\/revisions\/8191"}],"wp:attachment":[{"href":"https:\/\/kadg.lt\/index.php\/wp-json\/wp\/v2\/media?parent=8181"}],"curies":[{"name":"wp","href":"https:\/\/api.w.org\/{rel}","templated":true}]}}