{"id":8490,"date":"2026-05-13T10:30:54","date_gmt":"2026-05-13T07:30:54","guid":{"rendered":"https:\/\/kadg.lt\/?page_id=8490"},"modified":"2026-05-13T10:36:05","modified_gmt":"2026-05-13T07:36:05","slug":"2026-m-biudzeto-vykdymo-ir-finansiniu-ataskaitu-rinkiniai","status":"publish","type":"page","link":"https:\/\/kadg.lt\/index.php\/2026-m-biudzeto-vykdymo-ir-finansiniu-ataskaitu-rinkiniai\/","title":{"rendered":"2026 m. biud\u017eeto vykdymo ir finansini\u0173 ataskait\u0173 rinkiniai"},"content":{"rendered":"\t\t<div data-elementor-type=\"wp-page\" data-elementor-id=\"8490\" class=\"elementor elementor-8490\">\n\t\t\t\t\t\t<section class=\"elementor-section elementor-top-section elementor-element elementor-element-177c82d elementor-section-boxed elementor-section-height-default elementor-section-height-default\" data-id=\"177c82d\" data-element_type=\"section\">\r\n\t\t\r\n\t\t\t\t\t\t\t<div class=\"elementor-container elementor-column-gap-default\">\r\n\t\t\t\t\t\t\t\t\t\t\t<div class=\"elementor-column elementor-col-50 elementor-top-column elementor-element elementor-element-8256fce\" data-id=\"8256fce\" data-element_type=\"column\">\r\n\t\t\t\t\t<div class=\"elementor-widget-wrap elementor-element-populated\">\r\n\t\t\t\t\t\t\t\t<div class=\"elementor-element elementor-element-a2c5acb elementor-widget elementor-widget-text-editor\" data-id=\"a2c5acb\" data-element_type=\"widget\" data-widget_type=\"text-editor.default\">\n\t\t\t\t<div class=\"elementor-widget-container\">\n\t\t\t\t\t\t\t\t\t<p><a href=\"https:\/\/kadg.lt\/wp-content\/uploads\/2026\/05\/2026-metu-I-ketvircio-biudzeto-vykdymo-ataskaitu-rinkinys.pdf\">2026 met\u0173 I ketvir\u010dio biud\u017eeto vykdymo ataskait\u0173 rinkinys<\/a><\/p>\t\t\t\t\t\t\t\t<\/div>\n\t\t\t\t<\/div>\n\t\t\t\t\t<\/div>\r\n\t\t\t\t<\/div>\r\n\t\t\t\t<div class=\"elementor-column elementor-col-50 elementor-top-column elementor-element elementor-element-08aeb64\" data-id=\"08aeb64\" data-element_type=\"column\">\r\n\t\t\t\t\t<div class=\"elementor-widget-wrap elementor-element-populated\">\r\n\t\t\t\t\t\t\t\t<div class=\"elementor-element elementor-element-1bb31e1 elementor-widget elementor-widget-text-editor\" data-id=\"1bb31e1\" data-element_type=\"widget\" data-widget_type=\"text-editor.default\">\n\t\t\t\t<div class=\"elementor-widget-container\">\n\t\t\t\t\t\t\t\t\t<p><a href=\"https:\/\/kadg.lt\/wp-content\/uploads\/2026\/05\/2026-metu-I-ketvircio-finansiniu-ataskaitu-rinkinys.pdf\">2026 met\u0173 I ketvir\u010dio finansini\u0173 ataskait\u0173 rinkinys<\/a><\/p>\t\t\t\t\t\t\t\t<\/div>\n\t\t\t\t<\/div>\n\t\t\t\t\t<\/div>\r\n\t\t\t\t<\/div>\r\n\t\t\t\t\t<\/div>\r\n\t\t\t\t<\/section>\r\n\t\t\t\t<\/div>\n\t\t","protected":false},"excerpt":{"rendered":"<p>2026 met\u0173 I ketvir\u010dio biud\u017eeto vykdymo ataskait\u0173 rinkinys 2026 met\u0173 I ketvir\u010dio finansini\u0173 ataskait\u0173 rinkinys<\/p>\n","protected":false},"author":2,"featured_media":0,"parent":0,"menu_order":0,"comment_status":"closed","ping_status":"closed","template":"","meta":{"footnotes":""},"class_list":["post-8490","page","type-page","status-publish","hentry"],"_links":{"self":[{"href":"https:\/\/kadg.lt\/index.php\/wp-json\/wp\/v2\/pages\/8490","targetHints":{"allow":["GET"]}}],"collection":[{"href":"https:\/\/kadg.lt\/index.php\/wp-json\/wp\/v2\/pages"}],"about":[{"href":"https:\/\/kadg.lt\/index.php\/wp-json\/wp\/v2\/types\/page"}],"author":[{"embeddable":true,"href":"https:\/\/kadg.lt\/index.php\/wp-json\/wp\/v2\/users\/2"}],"replies":[{"embeddable":true,"href":"https:\/\/kadg.lt\/index.php\/wp-json\/wp\/v2\/comments?post=8490"}],"version-history":[{"count":7,"href":"https:\/\/kadg.lt\/index.php\/wp-json\/wp\/v2\/pages\/8490\/revisions"}],"predecessor-version":[{"id":8500,"href":"https:\/\/kadg.lt\/index.php\/wp-json\/wp\/v2\/pages\/8490\/revisions\/8500"}],"wp:attachment":[{"href":"https:\/\/kadg.lt\/index.php\/wp-json\/wp\/v2\/media?parent=8490"}],"curies":[{"name":"wp","href":"https:\/\/api.w.org\/{rel}","templated":true}]}}